{"id":9289,"date":"2022-09-15T14:51:50","date_gmt":"2022-09-15T18:51:50","guid":{"rendered":"https:\/\/cool.training\/staging\/news\/"},"modified":"2022-09-19T09:25:59","modified_gmt":"2022-09-19T13:25:59","slug":"news","status":"publish","type":"page","link":"https:\/\/cool.training\/en\/news\/","title":{"rendered":"News"},"content":{"rendered":"\t\t<div data-elementor-type=\"wp-page\" data-elementor-id=\"9289\" class=\"elementor elementor-9289 elementor-9287\" data-elementor-post-type=\"page\">\n\t\t\t\t\t\t<section class=\"elementor-section elementor-top-section elementor-element elementor-element-b37c088 elementor-section-boxed elementor-section-height-default elementor-section-height-default\" data-id=\"b37c088\" data-element_type=\"section\" data-e-type=\"section\" data-settings=\"{&quot;background_background&quot;:&quot;classic&quot;}\">\n\t\t\t\t\t\t<div class=\"elementor-container elementor-column-gap-default\">\n\t\t\t\t\t<div class=\"elementor-column elementor-col-100 elementor-top-column elementor-element elementor-element-6363571\" data-id=\"6363571\" data-element_type=\"column\" data-e-type=\"column\">\n\t\t\t<div class=\"elementor-widget-wrap elementor-element-populated\">\n\t\t\t\t\t\t<section class=\"elementor-section elementor-inner-section elementor-element elementor-element-1949d6e elementor-section-boxed elementor-section-height-default elementor-section-height-default\" data-id=\"1949d6e\" data-element_type=\"section\" data-e-type=\"section\">\n\t\t\t\t\t\t<div class=\"elementor-container elementor-column-gap-default\">\n\t\t\t\t\t<div class=\"elementor-column elementor-col-100 elementor-inner-column elementor-element elementor-element-e984cd9\" data-id=\"e984cd9\" data-element_type=\"column\" data-e-type=\"column\">\n\t\t\t<div class=\"elementor-widget-wrap elementor-element-populated\">\n\t\t\t\t\t\t<div class=\"elementor-element elementor-element-be97bc5 elementor-widget elementor-widget-heading\" data-id=\"be97bc5\" data-element_type=\"widget\" data-e-type=\"widget\" data-widget_type=\"heading.default\">\n\t\t\t\t<div class=\"elementor-widget-container\">\n\t\t\t\t\t<h1 class=\"elementor-heading-title elementor-size-default\">News<\/h1>\t\t\t\t<\/div>\n\t\t\t\t<\/div>\n\t\t\t\t\t<\/div>\n\t\t<\/div>\n\t\t\t\t\t<\/div>\n\t\t<\/section>\n\t\t\t\t\t<\/div>\n\t\t<\/div>\n\t\t\t\t\t<\/div>\n\t\t<\/section>\n\t\t\t\t<section class=\"elementor-section elementor-top-section elementor-element elementor-element-0aaefa4 elementor-section-boxed elementor-section-height-default elementor-section-height-default\" data-id=\"0aaefa4\" data-element_type=\"section\" data-e-type=\"section\" data-settings=\"{&quot;background_background&quot;:&quot;classic&quot;,&quot;shape_divider_bottom&quot;:&quot;waves&quot;}\">\n\t\t\t\t\t<div class=\"elementor-shape elementor-shape-bottom\" aria-hidden=\"true\" data-negative=\"false\">\n\t\t\t<svg xmlns=\"http:\/\/www.w3.org\/2000\/svg\" viewBox=\"0 0 1000 100\" preserveAspectRatio=\"none\">\n\t<path class=\"elementor-shape-fill\" d=\"M421.9,6.5c22.6-2.5,51.5,0.4,75.5,5.3c23.6,4.9,70.9,23.5,100.5,35.7c75.8,32.2,133.7,44.5,192.6,49.7\n\tc23.6,2.1,48.7,3.5,103.4-2.5c54.7-6,106.2-25.6,106.2-25.6V0H0v30.3c0,0,72,32.6,158.4,30.5c39.2-0.7,92.8-6.7,134-22.4\n\tc21.2-8.1,52.2-18.2,79.7-24.2C399.3,7.9,411.6,7.5,421.9,6.5z\"\/>\n<\/svg>\t\t<\/div>\n\t\t\t\t\t<div class=\"elementor-container elementor-column-gap-wide\">\n\t\t\t\t\t<div class=\"elementor-column elementor-col-50 elementor-top-column elementor-element elementor-element-fa12aaf\" data-id=\"fa12aaf\" data-element_type=\"column\" data-e-type=\"column\">\n\t\t\t<div class=\"elementor-widget-wrap elementor-element-populated\">\n\t\t\t\t\t\t<div class=\"elementor-element elementor-element-359f643 elementor-grid-1 elementor-grid-tablet-1 elementor-posts--align-left elementor-grid-mobile-1 elementor-posts--thumbnail-top elementor-widget elementor-widget-posts\" data-id=\"359f643\" data-element_type=\"widget\" data-e-type=\"widget\" data-settings=\"{&quot;classic_columns&quot;:&quot;1&quot;,&quot;classic_columns_tablet&quot;:&quot;1&quot;,&quot;classic_columns_mobile&quot;:&quot;1&quot;,&quot;classic_row_gap&quot;:{&quot;unit&quot;:&quot;px&quot;,&quot;size&quot;:35,&quot;sizes&quot;:[]},&quot;classic_row_gap_tablet_extra&quot;:{&quot;unit&quot;:&quot;px&quot;,&quot;size&quot;:&quot;&quot;,&quot;sizes&quot;:[]},&quot;classic_row_gap_tablet&quot;:{&quot;unit&quot;:&quot;px&quot;,&quot;size&quot;:&quot;&quot;,&quot;sizes&quot;:[]},&quot;classic_row_gap_mobile&quot;:{&quot;unit&quot;:&quot;px&quot;,&quot;size&quot;:&quot;&quot;,&quot;sizes&quot;:[]}}\" data-widget_type=\"posts.classic\">\n\t\t\t\t<div class=\"elementor-widget-container\">\n\t\t\t\t\t\t\t<div class=\"elementor-posts-container elementor-posts elementor-posts--skin-classic elementor-grid\" role=\"list\">\n\t\t\t\t<article class=\"elementor-post elementor-grid-item post-9540 post type-post status-publish format-standard has-post-thumbnail hentry category-uncategorized\" role=\"listitem\">\n\t\t\t\t<a class=\"elementor-post__thumbnail__link\" href=\"https:\/\/cool.training\/en\/newsletter-september-2022\/\" tabindex=\"-1\" >\n\t\t\t<div class=\"elementor-post__thumbnail\"><img fetchpriority=\"high\" decoding=\"async\" width=\"1280\" height=\"618\" src=\"https:\/\/cool.training\/wp-content\/uploads\/2022\/09\/nouvelles-01-abonne\u0301s.jpg\" class=\"attachment-full size-full wp-image-9397\" alt=\"Nos abonn\u00e9s\" srcset=\"https:\/\/cool.training\/wp-content\/uploads\/2022\/09\/nouvelles-01-abonne\u0301s.jpg 1280w, https:\/\/cool.training\/wp-content\/uploads\/2022\/09\/nouvelles-01-abonne\u0301s-300x145.jpg 300w, https:\/\/cool.training\/wp-content\/uploads\/2022\/09\/nouvelles-01-abonne\u0301s-1024x494.jpg 1024w, https:\/\/cool.training\/wp-content\/uploads\/2022\/09\/nouvelles-01-abonne\u0301s@2x.jpg 2560w\" sizes=\"(max-width: 1280px) 100vw, 1280px\" \/><\/div>\n\t\t<\/a>\n\t\t\t\t<div class=\"elementor-post__text\">\n\t\t\t\t<h2 class=\"elementor-post__title\">\n\t\t\t<a href=\"https:\/\/cool.training\/en\/newsletter-september-2022\/\" >\n\t\t\t\tSeptember 2022 Newsletter\t\t\t<\/a>\n\t\t<\/h2>\n\t\t\t\t<div class=\"elementor-post__meta-data\">\n\t\t\t\t\t<span class=\"elementor-post-date\">\n\t\t\t14 September 2022\t\t<\/span>\n\t\t\t\t<\/div>\n\t\t\t\t<div class=\"elementor-post__excerpt\">\n\t\t\t<p>Apr\u00e8s presqu\u2019une ann\u00e9e d\u2019existence, Cool Training lance ce nouveau bulletin de nouvelles afin de vous donner un bref aper\u00e7u de nos activit\u00e9s et de notre d\u00e9veloppement. Nous pr\u00e9voyons publier ce bulletin quatre \u00e0 six fois par ann\u00e9e. En vous souhaitant bonne lecture et au plaisir d\u2019avoir, \u00e0 notre tour, de<\/p>\n\t\t<\/div>\n\t\t\n\t\t<a class=\"elementor-post__read-more\" href=\"https:\/\/cool.training\/en\/newsletter-september-2022\/\" aria-label=\"Read more about September 2022 Newsletter\" tabindex=\"-1\" >\n\t\t\tRead more \u00bb\t\t<\/a>\n\n\t\t\t\t<\/div>\n\t\t\t\t<\/article>\n\t\t\t\t<\/div>\n\t\t\n\t\t\t\t\t\t<\/div>\n\t\t\t\t<\/div>\n\t\t\t\t\t<\/div>\n\t\t<\/div>\n\t\t\t\t<div class=\"elementor-column elementor-col-50 elementor-top-column elementor-element elementor-element-54be009\" data-id=\"54be009\" data-element_type=\"column\" data-e-type=\"column\">\n\t\t\t<div class=\"elementor-widget-wrap elementor-element-populated\">\n\t\t\t\t\t\t<div class=\"elementor-element elementor-element-f0a09a2 elementor-search-form--skin-classic elementor-search-form--button-type-icon elementor-search-form--icon-search elementor-widget elementor-widget-search-form\" data-id=\"f0a09a2\" data-element_type=\"widget\" data-e-type=\"widget\" data-settings=\"{&quot;skin&quot;:&quot;classic&quot;}\" data-widget_type=\"search-form.default\">\n\t\t\t\t<div class=\"elementor-widget-container\">\n\t\t\t\t\t\t\t<search role=\"search\">\n\t\t\t<form class=\"elementor-search-form\" action=\"https:\/\/cool.training\/en\/\" method=\"get\">\n\t\t\t\t\t\t\t\t\t\t\t\t<div class=\"elementor-search-form__container\">\n\t\t\t\t\t<label class=\"elementor-screen-only\" for=\"elementor-search-form-f0a09a2\">Search<\/label>\n\n\t\t\t\t\t\n\t\t\t\t\t<input id=\"elementor-search-form-f0a09a2\" placeholder=\"Search\" class=\"elementor-search-form__input\" type=\"search\" name=\"s\" value=\"\">\n\t\t\t\t\t<input type='hidden' name='lang' value='en' \/>\n\t\t\t\t\t\t\t\t\t\t\t<button class=\"elementor-search-form__submit\" type=\"submit\" aria-label=\"Search\">\n\t\t\t\t\t\t\t\t\t\t\t\t\t\t\t<div class=\"e-font-icon-svg-container\"><svg class=\"fa fa-search e-font-icon-svg e-fas-search\" viewBox=\"0 0 512 512\" xmlns=\"http:\/\/www.w3.org\/2000\/svg\"><path d=\"M505 442.7L405.3 343c-4.5-4.5-10.6-7-17-7H372c27.6-35.3 44-79.7 44-128C416 93.1 322.9 0 208 0S0 93.1 0 208s93.1 208 208 208c48.3 0 92.7-16.4 128-44v16.3c0 6.4 2.5 12.5 7 17l99.7 99.7c9.4 9.4 24.6 9.4 33.9 0l28.3-28.3c9.4-9.4 9.4-24.6.1-34zM208 336c-70.7 0-128-57.2-128-128 0-70.7 57.2-128 128-128 70.7 0 128 57.2 128 128 0 70.7-57.2 128-128 128z\"><\/path><\/svg><\/div>\t\t\t\t\t\t\t\t\t\t\t\t\t<\/button>\n\t\t\t\t\t\n\t\t\t\t\t\t\t\t\t<\/div>\n\t\t\t<\/form>\n\t\t<\/search>\n\t\t\t\t\t\t<\/div>\n\t\t\t\t<\/div>\n\t\t\t\t<div class=\"elementor-element elementor-element-1804640 elementor-widget-divider--view-line elementor-widget elementor-widget-divider\" data-id=\"1804640\" data-element_type=\"widget\" data-e-type=\"widget\" data-widget_type=\"divider.default\">\n\t\t\t\t<div class=\"elementor-widget-container\">\n\t\t\t\t\t\t\t<div class=\"elementor-divider\">\n\t\t\t<span class=\"elementor-divider-separator\">\n\t\t\t\t\t\t<\/span>\n\t\t<\/div>\n\t\t\t\t\t\t<\/div>\n\t\t\t\t<\/div>\n\t\t\t\t<div class=\"elementor-element elementor-element-7b2e4ba elementor-cta--skin-cover elementor-cta--valign-middle elementor-bg-transform elementor-bg-transform-zoom-out elementor-animated-content elementor-widget elementor-widget-call-to-action\" data-id=\"7b2e4ba\" data-element_type=\"widget\" data-e-type=\"widget\" data-widget_type=\"call-to-action.default\">\n\t\t\t\t<div class=\"elementor-widget-container\">\n\t\t\t\t\t\t\t<div class=\"elementor-cta\">\n\t\t\t\t\t<div class=\"elementor-cta__bg-wrapper\">\n\t\t\t\t<div class=\"elementor-cta__bg elementor-bg\" style=\"background-image: url(https:\/\/cool.training\/wp-content\/uploads\/2021\/11\/header-vehicule-lourd-1024x576.jpg);\" role=\"img\" aria-label=\"Safe driving of a heavy vehicle\"><\/div>\n\t\t\t\t<div class=\"elementor-cta__bg-overlay\"><\/div>\n\t\t\t<\/div>\n\t\t\t\t\t\t\t<div class=\"elementor-cta__content\">\n\t\t\t\t\t\t\t\t\t<div class=\"elementor-content-item elementor-cta__content-item elementor-icon-wrapper elementor-cta__icon elementor-view-default elementor-animated-item--grow\">\n\t\t\t\t\t\t<div class=\"elementor-icon\">\n\t\t\t\t\t\t\t<svg aria-hidden=\"true\" class=\"e-font-icon-svg e-fas-desktop\" viewBox=\"0 0 576 512\" xmlns=\"http:\/\/www.w3.org\/2000\/svg\"><path d=\"M528 0H48C21.5 0 0 21.5 0 48v320c0 26.5 21.5 48 48 48h192l-16 48h-72c-13.3 0-24 10.7-24 24s10.7 24 24 24h272c13.3 0 24-10.7 24-24s-10.7-24-24-24h-72l-16-48h192c26.5 0 48-21.5 48-48V48c0-26.5-21.5-48-48-48zm-16 352H64V64h448v288z\"><\/path><\/svg>\t\t\t\t\t\t<\/div>\n\t\t\t\t\t<\/div>\n\t\t\t\t\n\t\t\t\t\t\t\t\t\t<h2 class=\"elementor-cta__title elementor-cta__content-item elementor-content-item elementor-animated-item--grow\">\n\t\t\t\t\t\tRequest access to our demo platform.\t\t\t\t\t<\/h2>\n\t\t\t\t\n\t\t\t\t\n\t\t\t\t\t\t\t\t\t<div class=\"elementor-cta__button-wrapper elementor-cta__content-item elementor-content-item elementor-animated-item--grow\">\n\t\t\t\t\t<a class=\"elementor-cta__button elementor-button elementor-size-md\" href=\"https:\/\/cool.training\/en\/#demo\">\n\t\t\t\t\t\tREQUEST ACCESS\t\t\t\t\t<\/a>\n\t\t\t\t\t<\/div>\n\t\t\t\t\t\t\t<\/div>\n\t\t\t\t\t\t<\/div>\n\t\t\t\t\t\t<\/div>\n\t\t\t\t<\/div>\n\t\t\t\t\t<\/div>\n\t\t<\/div>\n\t\t\t\t\t<\/div>\n\t\t<\/section>\n\t\t\t\t<\/div>\n\t\t","protected":false},"excerpt":{"rendered":"<p>News Request access to our demo platform. REQUEST ACCESS<\/p>\n","protected":false},"author":1,"featured_media":0,"parent":0,"menu_order":0,"comment_status":"closed","ping_status":"closed","template":"","meta":{"footnotes":""},"class_list":["post-9289","page","type-page","status-publish","hentry"],"yoast_head":"<!-- This site is optimized with the Yoast SEO plugin v26.9 - https:\/\/yoast.com\/product\/yoast-seo-wordpress\/ -->\n<title>Cool Training - News<\/title>\n<meta name=\"description\" content=\"Offrez \u00e0 vos employ\u00e9s et collaborateurs des contenus d\u2019apprentissage en ligne professionnels et efficaces, tout en \u00e9tant cool et sympathiques.\" \/>\n<meta name=\"robots\" content=\"index, follow, max-snippet:-1, max-image-preview:large, max-video-preview:-1\" \/>\n<link rel=\"canonical\" href=\"https:\/\/cool.training\/en\/news\/\" \/>\n<meta property=\"og:locale\" content=\"en_US\" \/>\n<meta property=\"og:type\" content=\"article\" \/>\n<meta property=\"og:title\" content=\"Cool Training - News\" \/>\n<meta property=\"og:description\" content=\"Offrez \u00e0 vos employ\u00e9s et collaborateurs des contenus d\u2019apprentissage en ligne professionnels et efficaces, tout en \u00e9tant cool et sympathiques.\" \/>\n<meta property=\"og:url\" content=\"https:\/\/cool.training\/en\/news\/\" \/>\n<meta property=\"og:site_name\" content=\"Cool Training\" \/>\n<meta property=\"article:modified_time\" content=\"2022-09-19T13:25:59+00:00\" \/>\n<meta name=\"twitter:card\" content=\"summary_large_image\" \/>\n<script type=\"application\/ld+json\" class=\"yoast-schema-graph\">{\"@context\":\"https:\/\/schema.org\",\"@graph\":[{\"@type\":\"WebPage\",\"@id\":\"https:\/\/cool.training\/en\/news\/\",\"url\":\"https:\/\/cool.training\/en\/news\/\",\"name\":\"Cool Training - News\",\"isPartOf\":{\"@id\":\"https:\/\/cool.training\/en\/#website\"},\"datePublished\":\"2022-09-15T18:51:50+00:00\",\"dateModified\":\"2022-09-19T13:25:59+00:00\",\"description\":\"Offrez \u00e0 vos employ\u00e9s et collaborateurs des contenus d\u2019apprentissage en ligne professionnels et efficaces, tout en \u00e9tant cool et sympathiques.\",\"breadcrumb\":{\"@id\":\"https:\/\/cool.training\/en\/news\/#breadcrumb\"},\"inLanguage\":\"en-US\",\"potentialAction\":[{\"@type\":\"ReadAction\",\"target\":[\"https:\/\/cool.training\/en\/news\/\"]}]},{\"@type\":\"BreadcrumbList\",\"@id\":\"https:\/\/cool.training\/en\/news\/#breadcrumb\",\"itemListElement\":[{\"@type\":\"ListItem\",\"position\":1,\"name\":\"Accueil\",\"item\":\"https:\/\/cool.training\/en\/home\/\"},{\"@type\":\"ListItem\",\"position\":2,\"name\":\"News\"}]},{\"@type\":\"WebSite\",\"@id\":\"https:\/\/cool.training\/en\/#website\",\"url\":\"https:\/\/cool.training\/en\/\",\"name\":\"Cool Training\",\"description\":\"Des formations cool sur les r\u00e8gles et normes \u00e0 suivre en entreprise\",\"publisher\":{\"@id\":\"https:\/\/cool.training\/en\/#organization\"},\"potentialAction\":[{\"@type\":\"SearchAction\",\"target\":{\"@type\":\"EntryPoint\",\"urlTemplate\":\"https:\/\/cool.training\/en\/?s={search_term_string}\"},\"query-input\":{\"@type\":\"PropertyValueSpecification\",\"valueRequired\":true,\"valueName\":\"search_term_string\"}}],\"inLanguage\":\"en-US\"},{\"@type\":\"Organization\",\"@id\":\"https:\/\/cool.training\/en\/#organization\",\"name\":\"Cool Training\",\"url\":\"https:\/\/cool.training\/en\/\",\"logo\":{\"@type\":\"ImageObject\",\"inLanguage\":\"en-US\",\"@id\":\"https:\/\/cool.training\/en\/#\/schema\/logo\/image\/\",\"url\":\"https:\/\/cool.training\/wp-content\/uploads\/2021\/11\/logo-cool-training-footer.png\",\"contentUrl\":\"https:\/\/cool.training\/wp-content\/uploads\/2021\/11\/logo-cool-training-footer.png\",\"width\":746,\"height\":200,\"caption\":\"Cool Training\"},\"image\":{\"@id\":\"https:\/\/cool.training\/en\/#\/schema\/logo\/image\/\"}}]}<\/script>\n<!-- \/ Yoast SEO plugin. -->","yoast_head_json":{"title":"Cool Training - News","description":"Offrez \u00e0 vos employ\u00e9s et collaborateurs des contenus d\u2019apprentissage en ligne professionnels et efficaces, tout en \u00e9tant cool et sympathiques.","robots":{"index":"index","follow":"follow","max-snippet":"max-snippet:-1","max-image-preview":"max-image-preview:large","max-video-preview":"max-video-preview:-1"},"canonical":"https:\/\/cool.training\/en\/news\/","og_locale":"en_US","og_type":"article","og_title":"Cool Training - News","og_description":"Offrez \u00e0 vos employ\u00e9s et collaborateurs des contenus d\u2019apprentissage en ligne professionnels et efficaces, tout en \u00e9tant cool et sympathiques.","og_url":"https:\/\/cool.training\/en\/news\/","og_site_name":"Cool Training","article_modified_time":"2022-09-19T13:25:59+00:00","twitter_card":"summary_large_image","schema":{"@context":"https:\/\/schema.org","@graph":[{"@type":"WebPage","@id":"https:\/\/cool.training\/en\/news\/","url":"https:\/\/cool.training\/en\/news\/","name":"Cool Training - News","isPartOf":{"@id":"https:\/\/cool.training\/en\/#website"},"datePublished":"2022-09-15T18:51:50+00:00","dateModified":"2022-09-19T13:25:59+00:00","description":"Offrez \u00e0 vos employ\u00e9s et collaborateurs des contenus d\u2019apprentissage en ligne professionnels et efficaces, tout en \u00e9tant cool et sympathiques.","breadcrumb":{"@id":"https:\/\/cool.training\/en\/news\/#breadcrumb"},"inLanguage":"en-US","potentialAction":[{"@type":"ReadAction","target":["https:\/\/cool.training\/en\/news\/"]}]},{"@type":"BreadcrumbList","@id":"https:\/\/cool.training\/en\/news\/#breadcrumb","itemListElement":[{"@type":"ListItem","position":1,"name":"Accueil","item":"https:\/\/cool.training\/en\/home\/"},{"@type":"ListItem","position":2,"name":"News"}]},{"@type":"WebSite","@id":"https:\/\/cool.training\/en\/#website","url":"https:\/\/cool.training\/en\/","name":"Cool Training","description":"Des formations cool sur les r\u00e8gles et normes \u00e0 suivre en entreprise","publisher":{"@id":"https:\/\/cool.training\/en\/#organization"},"potentialAction":[{"@type":"SearchAction","target":{"@type":"EntryPoint","urlTemplate":"https:\/\/cool.training\/en\/?s={search_term_string}"},"query-input":{"@type":"PropertyValueSpecification","valueRequired":true,"valueName":"search_term_string"}}],"inLanguage":"en-US"},{"@type":"Organization","@id":"https:\/\/cool.training\/en\/#organization","name":"Cool Training","url":"https:\/\/cool.training\/en\/","logo":{"@type":"ImageObject","inLanguage":"en-US","@id":"https:\/\/cool.training\/en\/#\/schema\/logo\/image\/","url":"https:\/\/cool.training\/wp-content\/uploads\/2021\/11\/logo-cool-training-footer.png","contentUrl":"https:\/\/cool.training\/wp-content\/uploads\/2021\/11\/logo-cool-training-footer.png","width":746,"height":200,"caption":"Cool Training"},"image":{"@id":"https:\/\/cool.training\/en\/#\/schema\/logo\/image\/"}}]}},"_links":{"self":[{"href":"https:\/\/cool.training\/en\/wp-json\/wp\/v2\/pages\/9289","targetHints":{"allow":["GET"]}}],"collection":[{"href":"https:\/\/cool.training\/en\/wp-json\/wp\/v2\/pages"}],"about":[{"href":"https:\/\/cool.training\/en\/wp-json\/wp\/v2\/types\/page"}],"author":[{"embeddable":true,"href":"https:\/\/cool.training\/en\/wp-json\/wp\/v2\/users\/1"}],"replies":[{"embeddable":true,"href":"https:\/\/cool.training\/en\/wp-json\/wp\/v2\/comments?post=9289"}],"version-history":[{"count":6,"href":"https:\/\/cool.training\/en\/wp-json\/wp\/v2\/pages\/9289\/revisions"}],"predecessor-version":[{"id":9582,"href":"https:\/\/cool.training\/en\/wp-json\/wp\/v2\/pages\/9289\/revisions\/9582"}],"wp:attachment":[{"href":"https:\/\/cool.training\/en\/wp-json\/wp\/v2\/media?parent=9289"}],"curies":[{"name":"wp","href":"https:\/\/api.w.org\/{rel}","templated":true}]}}